{"id":6,"date":"2016-07-16T08:47:58","date_gmt":"2016-07-16T06:47:58","guid":{"rendered":"http:\/\/www.simonemazza.com\/wp\/?page_id=6"},"modified":"2026-03-07T12:31:47","modified_gmt":"2026-03-07T11:31:47","slug":"hosting-e-web-services","status":"publish","type":"page","link":"https:\/\/www.simonemazza.com\/wp\/hosting-e-web-services\/","title":{"rendered":"HOSTING E WEB SERVICES"},"content":{"rendered":"<p><strong>Porta la tua attivit\u00e0 al prossimo livello con un sito web personalizzato!<\/strong><\/p>\n<p data-path-to-node=\"0\">In un&#8217;epoca dominata dai social media, si tende a pensare che una pagina Instagram o un profilo LinkedIn siano sufficienti. Tuttavia, per un professionista, un sito web rimane lo strumento strategico pi\u00f9 potente. Perch\u00e9?<\/p>\n<p><strong>1. controllo<\/strong><\/p>\n<p data-path-to-node=\"3\">I social media sono un &#8220;terreno in affitto&#8221;: persino l&#8217;interfaccia si rifa ad un template poco personalizzabile. Certo, questo potrebbe essere considerato non importante. In ogni caso un sito \u00e8 di tua propriet\u00e0. Tu decidi l&#8217;estetica, il messaggio e come i dati vengono trattati (fondamentale per il GDPR).<\/p>\n<p data-path-to-node=\"3\"><strong>2. Autorevolezza\u00a0<\/strong><\/p>\n<p data-path-to-node=\"5\">Per un professionista, la percezione di professionalit\u00e0 \u00e8 tutto. Un profilo social comunica immediatezza, ma un sito web comunica istituzionalit\u00e0. Un profilo pu\u00f2 intercettare l&#8217;interesse di un potenziale cliente ma un sito lo rassicura sulla tua competenza prima ancora che ti incontri.<\/p>\n<p data-path-to-node=\"5\"><strong>3. Centralizzazione delle informazioni<\/strong><\/p>\n<p data-path-to-node=\"5\">Se hai un profilo &#8220;complesso&#8221; (la tua azienda fa pi\u00f9 cose), un sito ti permette di creare illimitate pagine specifiche, senza generare confusione.<\/p>\n<p data-path-to-node=\"5\"><strong>4. Reperibilit\u00e0 (local SEO)<\/strong><\/p>\n<p data-path-to-node=\"11\">Mentre i post sui social &#8220;muoiono&#8221; dopo poche ore o giorni, una pagina web (magari indicizzata correttamente ;)) lavora per te <em>sempre<\/em>. Se qualcuno cerca il tuo servizio su Google alle 3 di notte, trover\u00e0 la tua pagina. Un post su Facebook apparirebbe difficilmente in quella ricerca specifica.<\/p>\n<p data-path-to-node=\"11\"><strong>5. mantenimento del focus e call to action<\/strong><\/p>\n<p data-path-to-node=\"13\">Una pagina web \u00e8 progettata per informare in modo esaustivo e &#8220;convertire&#8221; l&#8217;utente all&#8217;azione (chiamarti o contattarti). Sui social l&#8217;utente si distrae, cercava una cosa e finisce che perde le ore su altro. Un sito web \u00e8 un percorso lineare che trasforma un curioso in un cliente.<\/p>\n<p data-path-to-node=\"14\"><strong>6. Trasparenza Normativa<\/strong><\/p>\n<p data-path-to-node=\"15\">Nell&#8217;offrire un servizio, la trasparenza \u00e8 fondamentale. Avere una pagina web dove dichiari chi sei, la tua partita IVA, i riferimenti legali e la conformit\u00e0 al GDPR ti tutela, dimostrando che la tua attivit\u00e0 \u00e8 alla luce del sole e gestita con rigore.<\/p>\n<p data-path-to-node=\"16\">In sintesi: <strong>un sito web \u00e8 il tuo ufficio digitale<\/strong>. I social sono i tuoi venditori in strada che portano le persone verso l&#8217;ufficio. Senza l&#8217;ufficio, perdi credibilit\u00e0 nel lungo periodo.<\/p>\n<hr \/>\n<p>Offro pacchetti personalizzati con struttura funzionale, design accattivante, e hosting completo, tutto gestibile facilmente. Contattami per una consulenza gratuita.<\/p>\n<p><strong>Hosting Basic Plan<\/strong><br \/>\n&#8211; Spazio disco 10 GB<br \/>\n&#8211; Memoria 256 MB<br \/>\n&#8211; Traffico 500 MB<br \/>\n&#8211; 5 account mail<br \/>\n&#8211; 1 database MySql<br \/>\n&#8211; Supporto completo<br \/>\nSolo 9,9 \u20ac al mese!<\/p>\n<p><strong>Hosting Premium<\/strong><br \/>\n&#8211; Spazio disco 10 GB<br \/>\n&#8211; Memoria 256 MB<br \/>\n&#8211; Traffico 1 GB<br \/>\n&#8211; Registrazione dominio gratuita<br \/>\n&#8211; 10 account mail<br \/>\n&#8211; 2 database MySql<br \/>\n&#8211; Supporto completo<br \/>\nSolo 19,9 \u20ac al mese!<\/p>\n<p><strong>Hosting Update<\/strong><br \/>\n&#8211; Spazio disco illimitato<br \/>\n&#8211; Memoria 256 MB<br \/>\n&#8211; Traffico 5 GB<br \/>\n&#8211; Account mail illimitati<br \/>\n&#8211; Database MySql illimitati<br \/>\n&#8211; Supporto completo<br \/>\nAggiornamento mensile del sito web<br \/>\nSolo 29,9 \u20ac al mese!<\/p>\n<p>Per i servizi web, offio soluzioni modulari che vanno dalla progettazione del sito web all&#8217;implementazione online e agli aggiornamenti. Contattami per un preventivo su misura.<\/p>\n<p><em>Bonus!<\/em> Offro anche servizi SEO per garantire un&#8217;ottima indicizzazione del tuo sito sui motori di ricerca.<\/p>\n<p>&nbsp;<\/p>\n","protected":false},"excerpt":{"rendered":"<p>Porta la tua attivit\u00e0 al prossimo livello con un sito web personalizzato! In un&#8217;epoca dominata dai social media, si tende a pensare che una pagina Instagram o un profilo LinkedIn siano sufficienti. Tuttavia, per un professionista, un sito web rimane lo strumento strategico pi\u00f9 potente. Perch\u00e9? 1. controllo I social media sono un &#8220;terreno in &hellip; <a href=\"https:\/\/www.simonemazza.com\/wp\/hosting-e-web-services\/\" class=\"more-link\">Leggi tutto<span class=\"screen-reader-text\"> &#8220;HOSTING E WEB SERVICES&#8221;<\/span><\/a><\/p>\n","protected":false},"author":1,"featured_media":0,"parent":0,"menu_order":0,"comment_status":"closed","ping_status":"closed","template":"","meta":{"footnotes":""},"class_list":["post-6","page","type-page","status-publish","hentry"],"_links":{"self":[{"href":"https:\/\/www.simonemazza.com\/wp\/wp-json\/wp\/v2\/pages\/6","targetHints":{"allow":["GET"]}}],"collection":[{"href":"https:\/\/www.simonemazza.com\/wp\/wp-json\/wp\/v2\/pages"}],"about":[{"href":"https:\/\/www.simonemazza.com\/wp\/wp-json\/wp\/v2\/types\/page"}],"author":[{"embeddable":true,"href":"https:\/\/www.simonemazza.com\/wp\/wp-json\/wp\/v2\/users\/1"}],"replies":[{"embeddable":true,"href":"https:\/\/www.simonemazza.com\/wp\/wp-json\/wp\/v2\/comments?post=6"}],"version-history":[{"count":12,"href":"https:\/\/www.simonemazza.com\/wp\/wp-json\/wp\/v2\/pages\/6\/revisions"}],"predecessor-version":[{"id":375,"href":"https:\/\/www.simonemazza.com\/wp\/wp-json\/wp\/v2\/pages\/6\/revisions\/375"}],"wp:attachment":[{"href":"https:\/\/www.simonemazza.com\/wp\/wp-json\/wp\/v2\/media?parent=6"}],"curies":[{"name":"wp","href":"https:\/\/api.w.org\/{rel}","templated":true}]}}